{"id":1136,"date":"2020-06-29T06:54:54","date_gmt":"2020-06-29T06:54:54","guid":{"rendered":"https:\/\/senvietonline.com\/?post_type=product&#038;p=1136"},"modified":"2025-05-07T11:19:29","modified_gmt":"2025-05-07T04:19:29","slug":"ky-co-eo-gio-tinh-xa-ngoc-hoa-doi-cat-phuong-mai","status":"publish","type":"product","link":"https:\/\/senvietonline.com\/en\/tour\/ky-co-eo-gio-tinh-xa-ngoc-hoa-doi-cat-phuong-mai\/","title":{"rendered":"K\u1ef2 CO &#8211; EO GI\u00d3 \u2013 TINH X\u00c1 NG\u1eccC H\u00d2A &#8211; \u0110\u1ed2I C\u00c1T PH\u01af\u01a0NG MAI"},"content":{"rendered":"<div style=\"display: none;\"\n    class=\"kk-star-ratings kksr-valign-top kksr-align-left\"\n    data-id=\"1136\"\n    data-slug=\"\">\n    <div class=\"kksr-stars\">\n    <div class=\"kksr-stars-inactive\">\n            <div class=\"kksr-star\" data-star=\"1\">\n            <div class=\"kksr-icon\" style=\"width: 24px; height: 24px;\"><\/div>\n        <\/div>\n            <div class=\"kksr-star\" data-star=\"2\">\n            <div class=\"kksr-icon\" style=\"width: 24px; height: 24px;\"><\/div>\n        <\/div>\n            <div class=\"kksr-star\" data-star=\"3\">\n            <div class=\"kksr-icon\" style=\"width: 24px; height: 24px;\"><\/div>\n        <\/div>\n            <div class=\"kksr-star\" data-star=\"4\">\n            <div class=\"kksr-icon\" style=\"width: 24px; height: 24px;\"><\/div>\n        <\/div>\n            <div class=\"kksr-star\" data-star=\"5\">\n            <div class=\"kksr-icon\" style=\"width: 24px; height: 24px;\"><\/div>\n        <\/div>\n    <\/div>\n    <div class=\"kksr-stars-active\" style=\"width: 0px;\">\n            <div class=\"kksr-star\">\n            <div class=\"kksr-icon\" style=\"width: 24px; height: 24px;\"><\/div>\n        <\/div>\n            <div class=\"kksr-star\">\n            <div class=\"kksr-icon\" style=\"width: 24px; height: 24px;\"><\/div>\n        <\/div>\n            <div class=\"kksr-star\">\n            <div class=\"kksr-icon\" style=\"width: 24px; height: 24px;\"><\/div>\n        <\/div>\n            <div class=\"kksr-star\">\n            <div class=\"kksr-icon\" style=\"width: 24px; height: 24px;\"><\/div>\n        <\/div>\n            <div class=\"kksr-star\">\n            <div class=\"kksr-icon\" style=\"width: 24px; height: 24px;\"><\/div>\n        <\/div>\n    <\/div>\n<\/div>\n    <div class=\"kksr-legend\">\n            <span class=\"kksr-muted\">Rate this product<\/span>\n    <\/div>\n<\/div>\n<p style=\"text-align: center;\"><span style=\"font-size: 150%;\"><strong><b>K\u1ef2 CO &#8211; EO GI\u00d3 \u2013 TINH X\u00c1 NG\u1eccC H\u00d2A &#8211; \u0110\u1ed2I C\u00c1T PH\u01af\u01a0NG MAI<\/b><\/strong><\/span><\/p>\n<p style=\"text-align: center;\"><strong><b>Kh\u1edfi h\u00e0nh h\u00e0ng ng\u00e0y<\/b><\/strong><\/p>\n<p style=\"text-align: center;\"><strong><b>GI\u00c1 709.000\/KH\u00c1CH<img loading=\"lazy\" decoding=\"async\" class=\"aligncenter size-medium wp-image-1137\" src=\"https:\/\/senvietonline.com\/wp-content\/uploads\/2020\/06\/\u0110\u1ea3o-K\u1ef3-Co-530x400.jpg\" alt=\"\" width=\"530\" height=\"400\" srcset=\"https:\/\/senvietonline.com\/wp-content\/uploads\/2020\/06\/\u0110\u1ea3o-K\u1ef3-Co-530x400.jpg 530w, https:\/\/senvietonline.com\/wp-content\/uploads\/2020\/06\/\u0110\u1ea3o-K\u1ef3-Co-768x580.jpg 768w, https:\/\/senvietonline.com\/wp-content\/uploads\/2020\/06\/\u0110\u1ea3o-K\u1ef3-Co-600x453.jpg 600w, https:\/\/senvietonline.com\/wp-content\/uploads\/2020\/06\/\u0110\u1ea3o-K\u1ef3-Co.jpg 960w\" sizes=\"(max-width: 530px) 100vw, 530px\" \/><\/b><\/strong><\/p>\n<p><strong><b>7h30:<\/b><\/strong> Xe v\u00e0 h\u01b0\u1edbng d\u1eabn vi\u00ean C\u00f4ng Ty<strong> Sen Viet Tour<\/strong> \u0111\u00f3n kh\u00e1ch t\u1ea1i kh\u00e1ch s\u1ea1n (Quy Nh\u01a1n) \u0111\u01b0a qu\u00fd kh\u00e1ch \u0111i <strong><b>Nh\u01a1n L\u00fd.<\/b><\/strong><\/p>\n<p><strong><b>8h30:<\/b><\/strong>\u00a0\u0110\u1ebfn v\u1edbi x\u00e3 \u00a0Nh\u01a1n l\u00fd, th\u0103m <strong><b>l\u00e0ng ch\u00e0i Nh\u01a1n l\u00fd<\/b><\/strong>. Sau \u0111\u00f3, cano cao t\u1ed1c v\u00e0 h\u01b0\u1edbng d\u1eabn vi\u00ean ti\u1ebfp t\u1ee5c \u0111\u01b0a qu\u00fd kh\u00e1ch \u0111\u1ebfn <strong><b>k\u1ef3 co <\/b><\/strong>, v\u1edbi ho\u1ea1t \u0111\u1ed9ng ng\u1eafm c\u00e1c r\u1ea1n san h\u00f4, c\u00e1c lo\u00e0i c\u00e1 bi\u1ec3n \u0111\u1ea7y m\u00e0u s\u1eafc b\u1eb1ng k\u00ednh l\u1eb7n, \u00e1o phao. <em><i>(Qu\u00fd kh\u00e1ch c\u00f3 th\u1ec3 tham gia c\u00e1c tr\u00f2 ch\u01a1i moto n\u01b0\u1edbc \u0111\u1eb7c s\u1eafc t\u1ea1i n\u01a1i \u0111\u00e2y( chi ph\u00ed moto t\u1ef1 t\u00fac<\/i><\/em>).<\/p>\n<p><strong><b>10h30:<\/b><\/strong>\u00a0Cano \u0111\u01b0a qu\u00fd kh\u00e1ch \u0111\u1ebfn b\u00e3i D\u1ee9a t\u1ef1 do t\u1eafm bi\u1ec3n v\u00e0 l\u1eb7n ng\u1eafm san h\u00f4<\/p>\n<p><strong><b>11h55:<\/b><\/strong>\u00a0Qu\u00fd kh\u00e1ch d\u00f9ng b\u1eefa tr\u01b0a v\u1edbi c\u00e1c m\u00f3n h\u1ea3i s\u1ea3n t\u01b0\u01a1i ngon do ng\u01b0\u1eddi d\u00e2n l\u00e0ng ch\u00e0i v\u1eeba m\u1edbi \u0111\u00e1nh b\u1eaft \u0111\u01b0\u1ee3c \u0111\u1ec3 ch\u1ebf bi\u1ebfn cho qu\u00fd kh\u00e1ch th\u01b0\u1edfng th\u1ee9c.<\/p>\n<p><strong><b>14h30: <\/b><\/strong>Ti\u1ebfp t\u1ee5c gh\u00e9 th\u0103m <strong><b>T\u1ecbnh x\u00e1 Ng\u1ecdc H\u00f2a <\/b><\/strong>\u2013 m\u1ed9t \u0111\u1ecba \u0111i\u1ec3m l\u00fd t\u01b0\u1edfng \u0111\u1ec3 t\u0129nh t\u00e2m v\u00e0 thi\u1ec1n \u0111\u1ecbnh \u2013 v\u1edbi ki\u1ebfn tr\u00fac n\u1ed5i b\u1eadt l\u00e0 t\u01b0\u1ee3ng \u0111\u00f4i Ph\u1eadt B\u00e0 Quan \u00c2m. T\u01b0\u1ee3ng ph\u1eadt \u0111\u00f4i g\u1ed3m hai t\u01b0\u1ee3ng ph\u1eadt B\u00e0 Quan Th\u1ebf \u00c2m, m\u1ed9t t\u01b0\u1ee3ng h\u01b0\u1edbng v\u1ec1 ph\u00eda Nam (C\u1ed5ng ch\u00ednh T\u1ecbnh X\u00e1) c\u00f2n \u0111\u01b0\u1ee3c g\u1ecdi l\u00e0 Quan Th\u1ebf \u00c2m Ki\u1ebft T\u01b0\u1eddng ph\u00f9 tr\u1ee3 cho r\u1eebng v\u00e0ng. C\u00f2n\u00a0b\u1ee9c t\u01b0\u1ee3ng c\u00f2n l\u1ea1i l\u00e0 Quan Th\u1ebf \u00c2m Nam H\u1ea3i h\u01b0\u1edbng ra bi\u1ec3n \u0111\u01b0\u1ee3c ng\u01b0\u1eddi d\u00e2n xem l\u00e0 ph\u00f9 tr\u1ee3 cho bi\u1ec3n b\u1ea1c.<\/p>\n<p>&nbsp;<\/p>\n<p><strong><b>15h30:<\/b><\/strong>\u00a0Tham quan <strong><b>Eo Gi\u00f3<\/b><\/strong>\u00a0\u2013 m\u1ed9t gh\u1ec1nh \u0111\u00e1 quanh n\u0103m l\u1ed9ng gi\u00f3. N\u01a1i ng\u1eafm ho\u00e0ng h\u00f4n \u0111\u1eb9p nh\u1ea5t Vi\u1ec7t Nam. Xe v\u00e0 h\u01b0\u1edbng d\u1eabn vi\u00ean ch\u1edf qu\u00fd kh\u00e1ch v\u1ec1 l\u1ea1i Quy Nh\u01a1n.<\/p>\n<p><strong><b>16h30:<\/b><\/strong>\u00a0qu\u00fd kh\u00e1ch gh\u00e9 <strong><b>\u0110\u1ed3i c\u00e1t Ph\u01b0\u01a1ng Mai<\/b><\/strong>\u00a0check-in v\u00e0 ch\u1ee5p \u1ea3nh.<\/p>\n<p><strong><b>17h00:<\/b><\/strong>\u00a0Xe \u0111\u01b0a kh\u00e1ch v\u1ec1 l\u1ea1i \u0111i\u1ec3m \u0111\u00f3n ban \u0111\u1ea7u. K\u1ebft th\u00fac tour du l\u1ecbch 1 ng\u00e0y. Chia tay v\u00e0 h\u1eb9n g\u1eb7p l\u1ea1i qu\u00fd kh\u00e1ch trong c\u00e1c d\u1ecbp kh\u00e1c!<\/p>\n<p><strong><b>TH\u1ef0C \u0110\u01a0N H\u1ea2I S\u1ea2N.<\/b><\/strong><\/p>\n<ol>\n<li>Soup rong bi\u1ec3n n\u1ea5u t\u00f4m.<\/li>\n<li>\u1ed0c bi\u1ec3n h\u1ea5p.<\/li>\n<li>M\u1ef1c t\u01b0\u01a1i h\u1ea5p h\u00e0nh.<\/li>\n<li>H\u00e0u n\u01b0\u1edbng m\u1ee1 h\u00e0nh.<\/li>\n<li>T\u00f4m h\u1ea5p l\u00e1 d\u1ee9a.<\/li>\n<li>Ch\u00e1o h\u1ea3i s\u1ea3n.<\/li>\n<li>C\u01a1m chi\u00ean mu\u1ed1i \u1edbt.<\/li>\n<li>L\u1eabu h\u1ea3i s\u1ea3n\/ c\u00e1 g\u00e1y\/ c\u00e1 b\u00f3p.<\/li>\n<li>Tr\u00e1ng mi\u1ec7ng: tr\u00e1i c\u00e2y, tr\u00e0 \u0111\u00e1, kh\u0103n l\u1ea1nh.<\/li>\n<\/ol>\n<p><strong><b>BAO G\u1ed2M<\/b><\/strong><\/p>\n<ol>\n<li>Xe \u00f4 t\u00f4 \u0111\u1eddi m\u1edbi theo l\u1ecbch tr\u00ecnh.<\/li>\n<li>V\u00e9 CANO v\u00e0 l\u1eb7n ng\u1eafm san h\u00f4.<\/li>\n<li>B\u1eefa tr\u01b0a h\u1ea3i s\u1ea3n.<\/li>\n<li>V\u00e9 tham quan c\u00e1c \u0111i\u1ec3m trong ch\u01b0\u01a1ng tr\u00ecnh.<\/li>\n<li>H\u01b0\u1edbng d\u1eabn vi\u00ean nhi\u1ec7t t\u00ecnh, c\u00f3 kinh nghi\u1ec7m bi\u1ec3n \u0111\u1ea3o Quy Nh\u01a1n.<\/li>\n<li>B\u1ea3o hi\u1ec3m du l\u1ecbch (m\u1ee9c \u0111\u1ec1n b\u00f9 t\u1ed1i \u0111a 20.000.000 \u0111\u1ed3ng\/ng\u01b0\u1eddi\/v\u1ee5).<\/li>\n<li>N\u01b0\u1edbc u\u1ed1ng \u00a0+ Kh\u0103n l\u1ea1nh tr\u00ean xe 2 chai\/ng\u01b0\u1eddi\/ng\u00e0y.<\/li>\n<\/ol>\n<p><strong><b>KH\u00d4NG BAO G\u1ed2M <\/b><\/strong><\/p>\n<ol>\n<li>VAT 10%.<\/li>\n<li>Chi ph\u00ed ph\u00e1t sinh trong ch\u01b0\u01a1ng tr\u00ecnh.<strong style=\"color: #555555; font-size: 14.4px;\"><b>\u00a0<\/b><\/strong><\/li>\n<\/ol>\n<p><strong><b>GI\u00c1 V\u00c9 TR\u1eba EM:<\/b><\/strong><\/p>\n<ol>\n<li>Tr\u1ebb em d\u01b0\u1edbi 5 tu\u1ed5i \u2013 mi\u1ec5n ph\u00ed (2 ng\u01b0\u1eddi l\u1edbn ch\u1ec9 \u0111\u01b0\u1ee3c mi\u1ec5n ph\u00ed 1 tr\u1ebb em d\u01b0\u1edbi 5 tu\u1ed5i, tr\u1ebb th\u1ee9 2 t\u00ednh 50%).<\/li>\n<li>Tr\u1ebb em t\u1eeb 5 \u2013 9 tu\u1ed5i, t\u00ednh 50% chi ph\u00ed ng\u01b0\u1eddi l\u1edbn.<\/li>\n<li>Tr\u1ebb t\u1eeb 10 tu\u1ed5i tr\u1edf l\u00ean t\u00ednh b\u1eb1ng chi ph\u00ed ng\u01b0\u1eddi l\u1edbn.<\/li>\n<li>Tr\u1ebb cao t\u1eeb 1m4 tr\u1edf l\u00ean t\u00ednh gi\u00e1 nh\u01b0 ng\u01b0\u1eddi l\u1edbn \u0111\u1ec3 \u0111\u1ea3m b\u1ea3o l\u01b0\u1ee3ng \u0103n v\u00e0 v\u00e9 tham quan.<\/li>\n<\/ol>\n<p><strong><em><b><i>CH\u00daC QU\u00dd KH\u00c1CH C\u00d3 CHUY\u1ebeN THAM QUAN VUI V\u1eba\u00a0!<\/i><\/b><\/em><\/strong><\/p>","protected":false},"excerpt":{"rendered":"<p>Rate this product K\u1ef2 CO &#8211; EO GI\u00d3 \u2013 TINH X\u00c1 NG\u1eccC H\u00d2A &#8211; \u0110\u1ed2I C\u00c1T PH\u01af\u01a0NG MAI Kh\u1edfi h\u00e0nh h\u00e0ng ng\u00e0y GI\u00c1 709.000\/KH\u00c1CH 7h30: Xe v\u00e0 h\u01b0\u1edbng d\u1eabn vi\u00ean C\u00f4ng Ty Sen Vi\u1ec7t Tour \u0111\u00f3n kh\u00e1ch t\u1ea1i kh\u00e1ch s\u1ea1n (Quy Nh\u01a1n) \u0111\u01b0a qu\u00fd kh\u00e1ch \u0111i Nh\u01a1n L\u00fd. 8h30:\u00a0\u0110\u1ebfn v\u1edbi x\u00e3 \u00a0Nh\u01a1n l\u00fd, th\u0103m l\u00e0ng&#8230;<\/p>","protected":false},"featured_media":1138,"comment_status":"open","ping_status":"closed","template":"","meta":[],"class_list":{"0":"post-1136","1":"product","2":"type-product","3":"status-publish","4":"has-post-thumbnail","6":"product_cat-tour","7":"product_cat-tour-trong-nuoc","9":"first","10":"instock","11":"shipping-taxable","12":"purchasable","13":"product-type-simple"},"yoast_head":"<!-- This site is optimized with the Yoast SEO plugin v23.7 - https:\/\/yoast.com\/wordpress\/plugins\/seo\/ -->\n<title>K\u1ef2 CO - EO GI\u00d3 \u2013 TINH X\u00c1 NG\u1eccC H\u00d2A - \u0110\u1ed2I C\u00c1T PH\u01af\u01a0NG MAI - Sen Vi\u1ec7t Online<\/title>\n<meta name=\"description\" content=\"K\u1ef2 CO - EO GI\u00d3 \u2013 TINH X\u00c1 NG\u1eccC H\u00d2A - \u0110\u1ed2I C\u00c1T PH\u01af\u01a0NG MAI Kh\u1edfi h\u00e0nh h\u00e0ng ng\u00e0y GI\u00c1 709.000\/KH\u00c1CH 7h30: Xe v\u00e0 h\u01b0\u1edbng d\u1eabn vi\u00ean C\u00f4ng Ty Sen Vi\u1ec7t Tour \u0111\u00f3n kh\u00e1ch\" \/>\n<meta name=\"robots\" content=\"index, follow, max-snippet:-1, max-image-preview:large, max-video-preview:-1\" \/>\n<link rel=\"canonical\" href=\"https:\/\/senvietonline.com\/en\/tour\/ky-co-eo-gio-tinh-xa-ngoc-hoa-doi-cat-phuong-mai\/\" \/>\n<meta property=\"og:locale\" content=\"en_US\" \/>\n<meta property=\"og:type\" content=\"article\" \/>\n<meta property=\"og:title\" content=\"K\u1ef2 CO - EO GI\u00d3 \u2013 TINH X\u00c1 NG\u1eccC H\u00d2A - \u0110\u1ed2I C\u00c1T PH\u01af\u01a0NG MAI - Sen Vi\u1ec7t Online\" \/>\n<meta property=\"og:description\" content=\"K\u1ef2 CO - EO GI\u00d3 \u2013 TINH X\u00c1 NG\u1eccC H\u00d2A - \u0110\u1ed2I C\u00c1T PH\u01af\u01a0NG MAI Kh\u1edfi h\u00e0nh h\u00e0ng ng\u00e0y GI\u00c1 709.000\/KH\u00c1CH 7h30: Xe v\u00e0 h\u01b0\u1edbng d\u1eabn vi\u00ean C\u00f4ng Ty Sen Vi\u1ec7t Tour \u0111\u00f3n kh\u00e1ch\" \/>\n<meta property=\"og:url\" content=\"https:\/\/senvietonline.com\/en\/tour\/ky-co-eo-gio-tinh-xa-ngoc-hoa-doi-cat-phuong-mai\/\" \/>\n<meta property=\"og:site_name\" content=\"Sen Vi\u1ec7t Online\" \/>\n<meta property=\"article:modified_time\" content=\"2025-05-07T04:19:29+00:00\" \/>\n<meta property=\"og:image\" content=\"https:\/\/senvietonline.com\/wp-content\/uploads\/2020\/06\/5-kinh-nghiem-du-lich-ky-co.jpg\" \/>\n\t<meta property=\"og:image:width\" content=\"1000\" \/>\n\t<meta property=\"og:image:height\" content=\"700\" \/>\n\t<meta property=\"og:image:type\" content=\"image\/jpeg\" \/>\n<meta name=\"twitter:card\" content=\"summary_large_image\" \/>\n<meta name=\"twitter:label1\" content=\"Est. reading time\" \/>\n\t<meta name=\"twitter:data1\" content=\"4 minutes\" \/>\n<script type=\"application\/ld+json\" class=\"yoast-schema-graph\">{\"@context\":\"https:\/\/schema.org\",\"@graph\":[{\"@type\":\"WebPage\",\"@id\":\"https:\/\/senvietonline.com\/tour\/ky-co-eo-gio-tinh-xa-ngoc-hoa-doi-cat-phuong-mai\/\",\"url\":\"https:\/\/senvietonline.com\/tour\/ky-co-eo-gio-tinh-xa-ngoc-hoa-doi-cat-phuong-mai\/\",\"name\":\"K\u1ef2 CO - EO GI\u00d3 \u2013 TINH X\u00c1 NG\u1eccC H\u00d2A - \u0110\u1ed2I C\u00c1T PH\u01af\u01a0NG MAI - Sen Vi\u1ec7t Online\",\"isPartOf\":{\"@id\":\"https:\/\/senvietonline.com\/#website\"},\"primaryImageOfPage\":{\"@id\":\"https:\/\/senvietonline.com\/tour\/ky-co-eo-gio-tinh-xa-ngoc-hoa-doi-cat-phuong-mai\/#primaryimage\"},\"image\":{\"@id\":\"https:\/\/senvietonline.com\/tour\/ky-co-eo-gio-tinh-xa-ngoc-hoa-doi-cat-phuong-mai\/#primaryimage\"},\"thumbnailUrl\":\"https:\/\/senvietonline.com\/wp-content\/uploads\/2020\/06\/5-kinh-nghiem-du-lich-ky-co.jpg\",\"datePublished\":\"2020-06-29T06:54:54+00:00\",\"dateModified\":\"2025-05-07T04:19:29+00:00\",\"description\":\"K\u1ef2 CO - EO GI\u00d3 \u2013 TINH X\u00c1 NG\u1eccC H\u00d2A - \u0110\u1ed2I C\u00c1T PH\u01af\u01a0NG MAI Kh\u1edfi h\u00e0nh h\u00e0ng ng\u00e0y GI\u00c1 709.000\/KH\u00c1CH 7h30: Xe v\u00e0 h\u01b0\u1edbng d\u1eabn vi\u00ean C\u00f4ng Ty Sen Vi\u1ec7t Tour \u0111\u00f3n kh\u00e1ch\",\"breadcrumb\":{\"@id\":\"https:\/\/senvietonline.com\/tour\/ky-co-eo-gio-tinh-xa-ngoc-hoa-doi-cat-phuong-mai\/#breadcrumb\"},\"inLanguage\":\"en-US\",\"potentialAction\":[{\"@type\":\"ReadAction\",\"target\":[\"https:\/\/senvietonline.com\/tour\/ky-co-eo-gio-tinh-xa-ngoc-hoa-doi-cat-phuong-mai\/\"]}]},{\"@type\":\"ImageObject\",\"inLanguage\":\"en-US\",\"@id\":\"https:\/\/senvietonline.com\/tour\/ky-co-eo-gio-tinh-xa-ngoc-hoa-doi-cat-phuong-mai\/#primaryimage\",\"url\":\"https:\/\/senvietonline.com\/wp-content\/uploads\/2020\/06\/5-kinh-nghiem-du-lich-ky-co.jpg\",\"contentUrl\":\"https:\/\/senvietonline.com\/wp-content\/uploads\/2020\/06\/5-kinh-nghiem-du-lich-ky-co.jpg\",\"width\":1000,\"height\":700},{\"@type\":\"BreadcrumbList\",\"@id\":\"https:\/\/senvietonline.com\/tour\/ky-co-eo-gio-tinh-xa-ngoc-hoa-doi-cat-phuong-mai\/#breadcrumb\",\"itemListElement\":[{\"@type\":\"ListItem\",\"position\":1,\"name\":\"Trang ch\u1ee7\",\"item\":\"https:\/\/senvietonline.com\/\"},{\"@type\":\"ListItem\",\"position\":2,\"name\":\"C\u1eeda h\u00e0ng\",\"item\":\"https:\/\/senvietonline.com\/mua\/\"},{\"@type\":\"ListItem\",\"position\":3,\"name\":\"K\u1ef2 CO &#8211; EO GI\u00d3 \u2013 TINH X\u00c1 NG\u1eccC H\u00d2A &#8211; \u0110\u1ed2I C\u00c1T PH\u01af\u01a0NG MAI\"}]},{\"@type\":\"WebSite\",\"@id\":\"https:\/\/senvietonline.com\/#website\",\"url\":\"https:\/\/senvietonline.com\/\",\"name\":\"Sen Vi\u1ec7t Online\",\"description\":\"Chuy\u00ean cung c\u1ea5p d\u1ecbch v\u1ee5 du l\u1ecbch trong va ngo\u00e0i n\u01b0\u1edbc uy t\u00edn nh\u1ea5t\",\"publisher\":{\"@id\":\"https:\/\/senvietonline.com\/#organization\"},\"potentialAction\":[{\"@type\":\"SearchAction\",\"target\":{\"@type\":\"EntryPoint\",\"urlTemplate\":\"https:\/\/senvietonline.com\/?s={search_term_string}\"},\"query-input\":{\"@type\":\"PropertyValueSpecification\",\"valueRequired\":true,\"valueName\":\"search_term_string\"}}],\"inLanguage\":\"en-US\"},{\"@type\":\"Organization\",\"@id\":\"https:\/\/senvietonline.com\/#organization\",\"name\":\"C\u00f4ng Ty TNHH D\u1ecbch V\u1ee5 L\u1eef H\u00e0nh Sen Vi\u1ec7t Tour\",\"url\":\"https:\/\/senvietonline.com\/\",\"logo\":{\"@type\":\"ImageObject\",\"inLanguage\":\"en-US\",\"@id\":\"https:\/\/senvietonline.com\/#\/schema\/logo\/image\/\",\"url\":\"https:\/\/senvietonline.com\/wp-content\/uploads\/2020\/06\/logo.png\",\"contentUrl\":\"https:\/\/senvietonline.com\/wp-content\/uploads\/2020\/06\/logo.png\",\"width\":120,\"height\":120,\"caption\":\"C\u00f4ng Ty TNHH D\u1ecbch V\u1ee5 L\u1eef H\u00e0nh Sen Vi\u1ec7t Tour\"},\"image\":{\"@id\":\"https:\/\/senvietonline.com\/#\/schema\/logo\/image\/\"}}]}<\/script>\n<!-- \/ Yoast SEO plugin. -->","yoast_head_json":{"title":"K\u1ef2 CO - EO GI\u00d3 \u2013 TINH X\u00c1 NG\u1eccC H\u00d2A - \u0110\u1ed2I C\u00c1T PH\u01af\u01a0NG MAI - Sen Vi\u1ec7t Online","description":"K\u1ef2 CO - EO GI\u00d3 \u2013 TINH X\u00c1 NG\u1eccC H\u00d2A - \u0110\u1ed2I C\u00c1T PH\u01af\u01a0NG MAI Kh\u1edfi h\u00e0nh h\u00e0ng ng\u00e0y GI\u00c1 709.000\/KH\u00c1CH 7h30: Xe v\u00e0 h\u01b0\u1edbng d\u1eabn vi\u00ean C\u00f4ng Ty Sen Vi\u1ec7t Tour \u0111\u00f3n kh\u00e1ch","robots":{"index":"index","follow":"follow","max-snippet":"max-snippet:-1","max-image-preview":"max-image-preview:large","max-video-preview":"max-video-preview:-1"},"canonical":"https:\/\/senvietonline.com\/en\/tour\/ky-co-eo-gio-tinh-xa-ngoc-hoa-doi-cat-phuong-mai\/","og_locale":"en_US","og_type":"article","og_title":"K\u1ef2 CO - EO GI\u00d3 \u2013 TINH X\u00c1 NG\u1eccC H\u00d2A - \u0110\u1ed2I C\u00c1T PH\u01af\u01a0NG MAI - Sen Vi\u1ec7t Online","og_description":"K\u1ef2 CO - EO GI\u00d3 \u2013 TINH X\u00c1 NG\u1eccC H\u00d2A - \u0110\u1ed2I C\u00c1T PH\u01af\u01a0NG MAI Kh\u1edfi h\u00e0nh h\u00e0ng ng\u00e0y GI\u00c1 709.000\/KH\u00c1CH 7h30: Xe v\u00e0 h\u01b0\u1edbng d\u1eabn vi\u00ean C\u00f4ng Ty Sen Vi\u1ec7t Tour \u0111\u00f3n kh\u00e1ch","og_url":"https:\/\/senvietonline.com\/en\/tour\/ky-co-eo-gio-tinh-xa-ngoc-hoa-doi-cat-phuong-mai\/","og_site_name":"Sen Vi\u1ec7t Online","article_modified_time":"2025-05-07T04:19:29+00:00","og_image":[{"width":1000,"height":700,"url":"https:\/\/senvietonline.com\/wp-content\/uploads\/2020\/06\/5-kinh-nghiem-du-lich-ky-co.jpg","type":"image\/jpeg"}],"twitter_card":"summary_large_image","twitter_misc":{"Est. reading time":"4 minutes"},"schema":{"@context":"https:\/\/schema.org","@graph":[{"@type":"WebPage","@id":"https:\/\/senvietonline.com\/tour\/ky-co-eo-gio-tinh-xa-ngoc-hoa-doi-cat-phuong-mai\/","url":"https:\/\/senvietonline.com\/tour\/ky-co-eo-gio-tinh-xa-ngoc-hoa-doi-cat-phuong-mai\/","name":"K\u1ef2 CO - EO GI\u00d3 \u2013 TINH X\u00c1 NG\u1eccC H\u00d2A - \u0110\u1ed2I C\u00c1T PH\u01af\u01a0NG MAI - Sen Vi\u1ec7t Online","isPartOf":{"@id":"https:\/\/senvietonline.com\/#website"},"primaryImageOfPage":{"@id":"https:\/\/senvietonline.com\/tour\/ky-co-eo-gio-tinh-xa-ngoc-hoa-doi-cat-phuong-mai\/#primaryimage"},"image":{"@id":"https:\/\/senvietonline.com\/tour\/ky-co-eo-gio-tinh-xa-ngoc-hoa-doi-cat-phuong-mai\/#primaryimage"},"thumbnailUrl":"https:\/\/senvietonline.com\/wp-content\/uploads\/2020\/06\/5-kinh-nghiem-du-lich-ky-co.jpg","datePublished":"2020-06-29T06:54:54+00:00","dateModified":"2025-05-07T04:19:29+00:00","description":"K\u1ef2 CO - EO GI\u00d3 \u2013 TINH X\u00c1 NG\u1eccC H\u00d2A - \u0110\u1ed2I C\u00c1T PH\u01af\u01a0NG MAI Kh\u1edfi h\u00e0nh h\u00e0ng ng\u00e0y GI\u00c1 709.000\/KH\u00c1CH 7h30: Xe v\u00e0 h\u01b0\u1edbng d\u1eabn vi\u00ean C\u00f4ng Ty Sen Vi\u1ec7t Tour \u0111\u00f3n kh\u00e1ch","breadcrumb":{"@id":"https:\/\/senvietonline.com\/tour\/ky-co-eo-gio-tinh-xa-ngoc-hoa-doi-cat-phuong-mai\/#breadcrumb"},"inLanguage":"en-US","potentialAction":[{"@type":"ReadAction","target":["https:\/\/senvietonline.com\/tour\/ky-co-eo-gio-tinh-xa-ngoc-hoa-doi-cat-phuong-mai\/"]}]},{"@type":"ImageObject","inLanguage":"en-US","@id":"https:\/\/senvietonline.com\/tour\/ky-co-eo-gio-tinh-xa-ngoc-hoa-doi-cat-phuong-mai\/#primaryimage","url":"https:\/\/senvietonline.com\/wp-content\/uploads\/2020\/06\/5-kinh-nghiem-du-lich-ky-co.jpg","contentUrl":"https:\/\/senvietonline.com\/wp-content\/uploads\/2020\/06\/5-kinh-nghiem-du-lich-ky-co.jpg","width":1000,"height":700},{"@type":"BreadcrumbList","@id":"https:\/\/senvietonline.com\/tour\/ky-co-eo-gio-tinh-xa-ngoc-hoa-doi-cat-phuong-mai\/#breadcrumb","itemListElement":[{"@type":"ListItem","position":1,"name":"Trang ch\u1ee7","item":"https:\/\/senvietonline.com\/"},{"@type":"ListItem","position":2,"name":"C\u1eeda h\u00e0ng","item":"https:\/\/senvietonline.com\/mua\/"},{"@type":"ListItem","position":3,"name":"K\u1ef2 CO &#8211; EO GI\u00d3 \u2013 TINH X\u00c1 NG\u1eccC H\u00d2A &#8211; \u0110\u1ed2I C\u00c1T PH\u01af\u01a0NG MAI"}]},{"@type":"WebSite","@id":"https:\/\/senvietonline.com\/#website","url":"https:\/\/senvietonline.com\/","name":"Sen Vi\u1ec7t Online","description":"Chuy\u00ean cung c\u1ea5p d\u1ecbch v\u1ee5 du l\u1ecbch trong va ngo\u00e0i n\u01b0\u1edbc uy t\u00edn nh\u1ea5t","publisher":{"@id":"https:\/\/senvietonline.com\/#organization"},"potentialAction":[{"@type":"SearchAction","target":{"@type":"EntryPoint","urlTemplate":"https:\/\/senvietonline.com\/?s={search_term_string}"},"query-input":{"@type":"PropertyValueSpecification","valueRequired":true,"valueName":"search_term_string"}}],"inLanguage":"en-US"},{"@type":"Organization","@id":"https:\/\/senvietonline.com\/#organization","name":"C\u00f4ng Ty TNHH D\u1ecbch V\u1ee5 L\u1eef H\u00e0nh Sen Vi\u1ec7t Tour","url":"https:\/\/senvietonline.com\/","logo":{"@type":"ImageObject","inLanguage":"en-US","@id":"https:\/\/senvietonline.com\/#\/schema\/logo\/image\/","url":"https:\/\/senvietonline.com\/wp-content\/uploads\/2020\/06\/logo.png","contentUrl":"https:\/\/senvietonline.com\/wp-content\/uploads\/2020\/06\/logo.png","width":120,"height":120,"caption":"C\u00f4ng Ty TNHH D\u1ecbch V\u1ee5 L\u1eef H\u00e0nh Sen Vi\u1ec7t Tour"},"image":{"@id":"https:\/\/senvietonline.com\/#\/schema\/logo\/image\/"}}]}},"_links":{"self":[{"href":"https:\/\/senvietonline.com\/en\/wp-json\/wp\/v2\/product\/1136"}],"collection":[{"href":"https:\/\/senvietonline.com\/en\/wp-json\/wp\/v2\/product"}],"about":[{"href":"https:\/\/senvietonline.com\/en\/wp-json\/wp\/v2\/types\/product"}],"replies":[{"embeddable":true,"href":"https:\/\/senvietonline.com\/en\/wp-json\/wp\/v2\/comments?post=1136"}],"wp:featuredmedia":[{"embeddable":true,"href":"https:\/\/senvietonline.com\/en\/wp-json\/wp\/v2\/media\/1138"}],"wp:attachment":[{"href":"https:\/\/senvietonline.com\/en\/wp-json\/wp\/v2\/media?parent=1136"}],"curies":[{"name":"wp","href":"https:\/\/api.w.org\/{rel}","templated":true}]}}