{"id":1148,"date":"2020-06-29T15:10:18","date_gmt":"2020-06-29T15:10:18","guid":{"rendered":"https:\/\/senvietonline.com\/?post_type=product&#038;p=1148"},"modified":"2025-09-19T09:44:41","modified_gmt":"2025-09-19T02:44:41","slug":"tay-son-hoai-co","status":"publish","type":"product","link":"https:\/\/senvietonline.com\/en\/tour\/tay-son-hoai-co\/","title":{"rendered":"T\u00c2Y S\u01a0N HO\u00c0I C\u1ed4"},"content":{"rendered":"<div style=\"display: none;\"\n    class=\"kk-star-ratings kksr-valign-top kksr-align-left\"\n    data-id=\"1148\"\n    data-slug=\"\">\n    <div class=\"kksr-stars\">\n    <div class=\"kksr-stars-inactive\">\n            <div class=\"kksr-star\" data-star=\"1\">\n            <div class=\"kksr-icon\" style=\"width: 24px; height: 24px;\"><\/div>\n        <\/div>\n            <div class=\"kksr-star\" data-star=\"2\">\n            <div class=\"kksr-icon\" style=\"width: 24px; height: 24px;\"><\/div>\n        <\/div>\n            <div class=\"kksr-star\" data-star=\"3\">\n            <div class=\"kksr-icon\" style=\"width: 24px; height: 24px;\"><\/div>\n        <\/div>\n            <div class=\"kksr-star\" data-star=\"4\">\n            <div class=\"kksr-icon\" style=\"width: 24px; height: 24px;\"><\/div>\n        <\/div>\n            <div class=\"kksr-star\" data-star=\"5\">\n            <div class=\"kksr-icon\" style=\"width: 24px; height: 24px;\"><\/div>\n        <\/div>\n    <\/div>\n    <div class=\"kksr-stars-active\" style=\"width: 0px;\">\n            <div class=\"kksr-star\">\n            <div class=\"kksr-icon\" style=\"width: 24px; height: 24px;\"><\/div>\n        <\/div>\n            <div class=\"kksr-star\">\n            <div class=\"kksr-icon\" style=\"width: 24px; height: 24px;\"><\/div>\n        <\/div>\n            <div class=\"kksr-star\">\n            <div class=\"kksr-icon\" style=\"width: 24px; height: 24px;\"><\/div>\n        <\/div>\n            <div class=\"kksr-star\">\n            <div class=\"kksr-icon\" style=\"width: 24px; height: 24px;\"><\/div>\n        <\/div>\n            <div class=\"kksr-star\">\n            <div class=\"kksr-icon\" style=\"width: 24px; height: 24px;\"><\/div>\n        <\/div>\n    <\/div>\n<\/div>\n    <div class=\"kksr-legend\">\n            <span class=\"kksr-muted\">Rate this product<\/span>\n    <\/div>\n<\/div>\n<p style=\"text-align: center;\"><span style=\"font-size: 150%;\"><strong><b>T\u00c2Y S\u01a0N HO\u00c0I C\u1ed4<\/b><\/strong><\/span><\/p>\n<p style=\"text-align: center;\"><span style=\"font-size: 150%;\"><strong><b>H\u1ea6M H\u00d4 \u2013 B\u1ea2O T\u00c0NG QUANG TRUNG \u2013 TH\u00c0NH \u0110\u1ed2 B\u00c0N \u2013 CH\u00d9A THI\u00caN H\u01afNG<\/b><\/strong><\/span><\/p>\n<p style=\"text-align: center;\"><strong><b>Kh\u1edfi h\u00e0nh h\u00e0ng ng\u00e0y<\/b><\/strong><\/p>\n<p style=\"text-align: center;\"><strong><b>GI\u00c1: 750.000\/KH\u00c1CH<img loading=\"lazy\" decoding=\"async\" class=\"aligncenter size-full wp-image-1149\" src=\"https:\/\/senvietonline.com\/wp-content\/uploads\/2020\/06\/mon-ngon-binh-dinh-2702-1.jpg\" alt=\"\" width=\"500\" height=\"374\" \/><\/b><\/strong><\/p>\n<p><strong><b>7h30:<\/b><\/strong>\u00a0Xe v\u00e0 h\u01b0\u1edbng d\u1eabn vi\u00ean \u0111\u00f3n kh\u00e1ch t\u1ea1i \u0111i\u1ec3m h\u1eb9n kh\u1edfi h\u00e0nh \u0111i <strong><b>T\u00e2y S\u01a1n<\/b><\/strong>\u00a0tham quan <strong><b>B\u1ea3o t\u00e0ng Quang Trung<\/b><\/strong>\u00a0\u2013 n\u01a1i <strong><b>tr\u1eadn<\/b><\/strong>\u00a0ca ng\u1ee3i cu\u1ed9c h\u00e0nh qu\u00e2n th\u1ea7n t\u1ed1c c\u1ee7a Quang Trung \u2013 Nguy\u1ec5n Hu\u1ec7 gi\u1ea3i ph\u00f3ng th\u00e0nh c\u00f4ng Th\u0103ng Long v\u00e0o m\u00f9a xu\u00e2n K\u1ef7 D\u1eadu n\u0103m 1789, v\u00e0 <strong><b>v\u00f5<\/b><\/strong>\u00a0<strong><b>thu\u1eadt T\u00e2y S\u01a1n<\/b><\/strong>\u00a0\u2013 \u201ccon g\u00e1i B\u00ecnh \u0110\u1ecbnh c\u1ea7m roi \u0111i quy\u1ec1n\u201d. \u0110\u00e2y g\u1eafn li\u1ec1n v\u1edbi kh\u1edfi ngh\u0129a T\u00e2y S\u01a1n l\u00e0 m\u1ed9t trong nh\u1eefng cu\u1ed9c kh\u1edfi ngh\u0129a gi\u1ea3i ph\u00f3ng d\u00e2n t\u1ed9c th\u00e0nh c\u00f4ng nh\u1ea5t \u1edf n\u01b0\u1edbc ta. Xem <strong><b>bi\u1ec3u di\u1ec5n tr\u1ed1ng <\/b><\/strong><\/p>\n<p><strong><b>11h00:<\/b><\/strong>\u00a0\u0110\u1ebfn khu du l\u1ecbch sinh th\u00e1i <strong><b>H\u1ea7m H\u00f4 <\/b><\/strong>\u2013 t\u1eebng l\u00e0 n\u01a1i luy\u1ec7n binh c\u1ee7a ngh\u0129a qu\u00e2n T\u00e2y S\u01a1n. \u0110i thuy\u1ec1n tr\u00ean <strong><b>k\u00eanh L\u1ed9c Giang<\/b><\/strong>, \u0103n tr\u01b0a t\u1ea1i nh\u00e0 h\u00e0ng \u1edf T\u00e2y S\u01a1n.<\/p>\n<p><strong><b>14h00:<\/b><\/strong>\u00a0Kh\u1edfi h\u00e0nh tham quan <strong><b>ch\u00f9a Thi\u00ean H\u01b0ng<\/b><\/strong> \u2013 n\u01a1i l\u01b0u gi\u1eef vi\u00ean ng\u1ecdc X\u00e1 l\u1ee3i Ph\u1eadt th\u1ee9 5 c\u1ee7a Ph\u1eadt t\u1ed5 Th\u00edch Ca M\u00e2u Ni \u0111\u01b0\u1ee3cGi\u00e1o h\u1ed9i Ph\u1eadt gi\u00e1o Myanmar trao t\u1eb7ng cho Vi\u1ec7t Nam.<\/p>\n<p><strong><b>15h00:<\/b><\/strong>\u00a0Tham quan <strong><b>Th\u00e0nh \u0110\u1ed3 B\u00e0n<\/b><\/strong>\u00a0\u2013 kinh \u0111\u00f4 cu\u1ed1i c\u00f9ng c\u1ee7a v\u01b0\u01a1ng qu\u1ed1c Chi\u00eam Th\u00e0nh.<\/p>\n<p><strong><b>16h00:<\/b><\/strong>\u00a0Qu\u00fd kh\u00e1ch kh\u1edfi h\u00e0nh v\u1ec1 l\u1ea1i \u0111i\u1ec3m \u0111\u00f3n ban \u0111\u1ea7u. K\u1ebft th\u00fac tour du l\u1ecbch Quy Nh\u01a1n 1 ng\u00e0y. Chia tay v\u00e0 h\u1eb9n g\u1eb7p l\u1ea1i qu\u00fd kh\u00e1ch trong c\u00e1c d\u1ecbp kh\u00e1c!<\/p>\n<p><strong><b>\u0110\u1eb6C S\u1ea2N QUY NH\u01a0N<\/b><\/strong><\/p>\n<ol>\n<li>Ch\u1ea3 ram t\u00f4m \u0111\u1ea5t.<\/li>\n<li>C\u00e1 m\u01b0\u01a1ng chi\u00ean d\u00f2n cu\u1ed1n b\u00e1nh tr\u00e1ng rau r\u1eebng.<\/li>\n<li>Chim m\u00eda r\u00f4 ti.<\/li>\n<li>M\u1ef1c x\u00e0o chua ng\u1ecdt.<\/li>\n<li>S\u01b0\u1eddn non rim.<\/li>\n<li>C\u00e1 l\u00f3c kho t\u1ed9.<\/li>\n<li>Canh c\u1ea3i n\u1ea5u th\u1ecbt b\u1eb1m.<\/li>\n<li>B\u00e1nh \u00edt l\u00e1 gai.<\/li>\n<li>C\u01a1m tr\u1eafng, Tr\u00e1ng mi\u1ec7ng, tr\u00e0 \u0111\u00e1 kh\u0103n l\u1ea1nh<\/li>\n<\/ol>\n<p><strong><b>BAO G\u1ed2M<\/b><\/strong><\/p>\n<ol>\n<li>Xe \u00f4 t\u00f4 \u0111\u1eddi m\u1edbi theo l\u1ecbch tr\u00ecnh.<\/li>\n<li>B\u1eefa tr\u01b0a \u0111\u1eb7c s\u1ea3n .<\/li>\n<li>V\u00e9 tham quan c\u00e1c \u0111i\u1ec3m trong ch\u01b0\u01a1ng tr\u00ecnh.<\/li>\n<li>H\u01b0\u1edbng d\u1eabn vi\u00ean nhi\u1ec7t t\u00ecnh, c\u00f3 kinh nghi\u1ec7m bi\u1ec3n \u0111\u1ea3o Quy Nh\u01a1n.<\/li>\n<li>B\u1ea3o hi\u1ec3m du l\u1ecbch (m\u1ee9c \u0111\u1ec1n b\u00f9 t\u1ed1i \u0111a 20.000.000 \u0111\u1ed3ng\/ng\u01b0\u1eddi\/v\u1ee5).<\/li>\n<li>N\u01b0\u1edbc u\u1ed1ng \u00a0+ Kh\u0103n l\u1ea1nh tr\u00ean xe 2 chai\/ng\u01b0\u1eddi\/ng\u00e0y.<\/li>\n<\/ol>\n<p><strong><b>KH\u00d4NG BAO G\u1ed2M <\/b><\/strong><\/p>\n<ol>\n<li>VAT 10%.<\/li>\n<li>Chi ph\u00ed ph\u00e1t sinh trong ch\u01b0\u01a1ng tr\u00ecnh.<\/li>\n<\/ol>\n<p><u>\u00a0<\/u><strong><b>GI\u00c1 V\u00c9 TR\u1eba EM:<\/b><\/strong><\/p>\n<ol>\n<li>Tr\u1ebb em d\u01b0\u1edbi 5 tu\u1ed5i \u2013 mi\u1ec5n ph\u00ed (2 ng\u01b0\u1eddi l\u1edbn ch\u1ec9 \u0111\u01b0\u1ee3c mi\u1ec5n ph\u00ed 1 tr\u1ebb em d\u01b0\u1edbi 5 tu\u1ed5i, tr\u1ebb th\u1ee9 2 t\u00ednh 50%).<\/li>\n<li>Tr\u1ebb em t\u1eeb 5 \u2013 9 tu\u1ed5i, t\u00ednh 50% chi ph\u00ed ng\u01b0\u1eddi l\u1edbn.<\/li>\n<li>Tr\u1ebb t\u1eeb 10 tu\u1ed5i tr\u1edf l\u00ean t\u00ednh b\u1eb1ng chi ph\u00ed ng\u01b0\u1eddi l\u1edbn.<\/li>\n<li>Tr\u1ebb cao t\u1eeb 1m4 tr\u1edf l\u00ean t\u00ednh gi\u00e1 nh\u01b0 ng\u01b0\u1eddi l\u1edbn \u0111\u1ec3 \u0111\u1ea3m b\u1ea3o l\u01b0\u1ee3ng \u0103n v\u00e0 v\u00e9 tham quan.<\/li>\n<\/ol>","protected":false},"excerpt":{"rendered":"<p>Rate this product T\u00c2Y S\u01a0N HO\u00c0I C\u1ed4 H\u1ea6M H\u00d4 \u2013 B\u1ea2O T\u00c0NG QUANG TRUNG \u2013 TH\u00c0NH \u0110\u1ed2 B\u00c0N \u2013 CH\u00d9A THI\u00caN H\u01afNG Kh\u1edfi h\u00e0nh h\u00e0ng ng\u00e0y GI\u00c1: 750.000\/KH\u00c1CH 7h30:\u00a0Xe v\u00e0 h\u01b0\u1edbng d\u1eabn vi\u00ean \u0111\u00f3n kh\u00e1ch t\u1ea1i \u0111i\u1ec3m h\u1eb9n kh\u1edfi h\u00e0nh \u0111i T\u00e2y S\u01a1n\u00a0tham quan B\u1ea3o t\u00e0ng Quang Trung\u00a0\u2013 n\u01a1i tr\u1eadn\u00a0ca ng\u1ee3i cu\u1ed9c h\u00e0nh qu\u00e2n th\u1ea7n&#8230;<\/p>","protected":false},"featured_media":1150,"comment_status":"open","ping_status":"closed","template":"","meta":[],"class_list":{"0":"post-1148","1":"product","2":"type-product","3":"status-publish","4":"has-post-thumbnail","6":"product_cat-tour","7":"product_cat-tour-trong-nuoc","9":"first","10":"instock","11":"shipping-taxable","12":"purchasable","13":"product-type-simple"},"yoast_head":"<!-- This site is optimized with the Yoast SEO plugin v23.7 - https:\/\/yoast.com\/wordpress\/plugins\/seo\/ -->\n<title>T\u00c2Y S\u01a0N HO\u00c0I C\u1ed4 - Sen Vi\u1ec7t Online<\/title>\n<meta name=\"description\" content=\"T\u00c2Y S\u01a0N HO\u00c0I C\u1ed4 H\u1ea6M H\u00d4 \u2013 B\u1ea2O T\u00c0NG QUANG TRUNG \u2013 TH\u00c0NH \u0110\u1ed2 B\u00c0N \u2013 CH\u00d9A THI\u00caN H\u01afNG Kh\u1edfi h\u00e0nh h\u00e0ng ng\u00e0y GI\u00c1: 750.000\/KH\u00c1CH 7h30:\u00a0Xe v\u00e0 h\u01b0\u1edbng d\u1eabn vi\u00ean \u0111\u00f3n kh\u00e1ch\" \/>\n<meta name=\"robots\" content=\"index, follow, max-snippet:-1, max-image-preview:large, max-video-preview:-1\" \/>\n<link rel=\"canonical\" href=\"https:\/\/senvietonline.com\/en\/tour\/tay-son-hoai-co\/\" \/>\n<meta property=\"og:locale\" content=\"en_US\" \/>\n<meta property=\"og:type\" content=\"article\" \/>\n<meta property=\"og:title\" content=\"T\u00c2Y S\u01a0N HO\u00c0I C\u1ed4 - Sen Vi\u1ec7t Online\" \/>\n<meta property=\"og:description\" content=\"T\u00c2Y S\u01a0N HO\u00c0I C\u1ed4 H\u1ea6M H\u00d4 \u2013 B\u1ea2O T\u00c0NG QUANG TRUNG \u2013 TH\u00c0NH \u0110\u1ed2 B\u00c0N \u2013 CH\u00d9A THI\u00caN H\u01afNG Kh\u1edfi h\u00e0nh h\u00e0ng ng\u00e0y GI\u00c1: 750.000\/KH\u00c1CH 7h30:\u00a0Xe v\u00e0 h\u01b0\u1edbng d\u1eabn vi\u00ean \u0111\u00f3n kh\u00e1ch\" \/>\n<meta property=\"og:url\" content=\"https:\/\/senvietonline.com\/en\/tour\/tay-son-hoai-co\/\" \/>\n<meta property=\"og:site_name\" content=\"Sen Vi\u1ec7t Online\" \/>\n<meta property=\"article:modified_time\" content=\"2025-09-19T02:44:41+00:00\" \/>\n<meta property=\"og:image\" content=\"https:\/\/senvietonline.com\/wp-content\/uploads\/2020\/06\/dia-diem-du-lich-tay-son-binh-dinh.jpg\" \/>\n\t<meta property=\"og:image:width\" content=\"720\" \/>\n\t<meta property=\"og:image:height\" content=\"420\" \/>\n\t<meta property=\"og:image:type\" content=\"image\/jpeg\" \/>\n<meta name=\"twitter:card\" content=\"summary_large_image\" \/>\n<meta name=\"twitter:label1\" content=\"Est. reading time\" \/>\n\t<meta name=\"twitter:data1\" content=\"3 minutes\" \/>\n<script type=\"application\/ld+json\" class=\"yoast-schema-graph\">{\"@context\":\"https:\/\/schema.org\",\"@graph\":[{\"@type\":\"WebPage\",\"@id\":\"https:\/\/senvietonline.com\/tour\/tay-son-hoai-co\/\",\"url\":\"https:\/\/senvietonline.com\/tour\/tay-son-hoai-co\/\",\"name\":\"T\u00c2Y S\u01a0N HO\u00c0I C\u1ed4 - Sen Vi\u1ec7t Online\",\"isPartOf\":{\"@id\":\"https:\/\/senvietonline.com\/#website\"},\"primaryImageOfPage\":{\"@id\":\"https:\/\/senvietonline.com\/tour\/tay-son-hoai-co\/#primaryimage\"},\"image\":{\"@id\":\"https:\/\/senvietonline.com\/tour\/tay-son-hoai-co\/#primaryimage\"},\"thumbnailUrl\":\"https:\/\/senvietonline.com\/wp-content\/uploads\/2020\/06\/dia-diem-du-lich-tay-son-binh-dinh.jpg\",\"datePublished\":\"2020-06-29T15:10:18+00:00\",\"dateModified\":\"2025-09-19T02:44:41+00:00\",\"description\":\"T\u00c2Y S\u01a0N HO\u00c0I C\u1ed4 H\u1ea6M H\u00d4 \u2013 B\u1ea2O T\u00c0NG QUANG TRUNG \u2013 TH\u00c0NH \u0110\u1ed2 B\u00c0N \u2013 CH\u00d9A THI\u00caN H\u01afNG Kh\u1edfi h\u00e0nh h\u00e0ng ng\u00e0y GI\u00c1: 750.000\/KH\u00c1CH 7h30:\u00a0Xe v\u00e0 h\u01b0\u1edbng d\u1eabn vi\u00ean \u0111\u00f3n kh\u00e1ch\",\"breadcrumb\":{\"@id\":\"https:\/\/senvietonline.com\/tour\/tay-son-hoai-co\/#breadcrumb\"},\"inLanguage\":\"en-US\",\"potentialAction\":[{\"@type\":\"ReadAction\",\"target\":[\"https:\/\/senvietonline.com\/tour\/tay-son-hoai-co\/\"]}]},{\"@type\":\"ImageObject\",\"inLanguage\":\"en-US\",\"@id\":\"https:\/\/senvietonline.com\/tour\/tay-son-hoai-co\/#primaryimage\",\"url\":\"https:\/\/senvietonline.com\/wp-content\/uploads\/2020\/06\/dia-diem-du-lich-tay-son-binh-dinh.jpg\",\"contentUrl\":\"https:\/\/senvietonline.com\/wp-content\/uploads\/2020\/06\/dia-diem-du-lich-tay-son-binh-dinh.jpg\",\"width\":720,\"height\":420},{\"@type\":\"BreadcrumbList\",\"@id\":\"https:\/\/senvietonline.com\/tour\/tay-son-hoai-co\/#breadcrumb\",\"itemListElement\":[{\"@type\":\"ListItem\",\"position\":1,\"name\":\"Trang ch\u1ee7\",\"item\":\"https:\/\/senvietonline.com\/\"},{\"@type\":\"ListItem\",\"position\":2,\"name\":\"C\u1eeda h\u00e0ng\",\"item\":\"https:\/\/senvietonline.com\/mua\/\"},{\"@type\":\"ListItem\",\"position\":3,\"name\":\"T\u00c2Y S\u01a0N HO\u00c0I C\u1ed4\"}]},{\"@type\":\"WebSite\",\"@id\":\"https:\/\/senvietonline.com\/#website\",\"url\":\"https:\/\/senvietonline.com\/\",\"name\":\"Sen Vi\u1ec7t Online\",\"description\":\"Chuy\u00ean cung c\u1ea5p d\u1ecbch v\u1ee5 du l\u1ecbch trong va ngo\u00e0i n\u01b0\u1edbc uy t\u00edn nh\u1ea5t\",\"publisher\":{\"@id\":\"https:\/\/senvietonline.com\/#organization\"},\"potentialAction\":[{\"@type\":\"SearchAction\",\"target\":{\"@type\":\"EntryPoint\",\"urlTemplate\":\"https:\/\/senvietonline.com\/?s={search_term_string}\"},\"query-input\":{\"@type\":\"PropertyValueSpecification\",\"valueRequired\":true,\"valueName\":\"search_term_string\"}}],\"inLanguage\":\"en-US\"},{\"@type\":\"Organization\",\"@id\":\"https:\/\/senvietonline.com\/#organization\",\"name\":\"C\u00f4ng Ty TNHH D\u1ecbch V\u1ee5 L\u1eef H\u00e0nh Sen Vi\u1ec7t Tour\",\"url\":\"https:\/\/senvietonline.com\/\",\"logo\":{\"@type\":\"ImageObject\",\"inLanguage\":\"en-US\",\"@id\":\"https:\/\/senvietonline.com\/#\/schema\/logo\/image\/\",\"url\":\"https:\/\/senvietonline.com\/wp-content\/uploads\/2020\/06\/logo.png\",\"contentUrl\":\"https:\/\/senvietonline.com\/wp-content\/uploads\/2020\/06\/logo.png\",\"width\":120,\"height\":120,\"caption\":\"C\u00f4ng Ty TNHH D\u1ecbch V\u1ee5 L\u1eef H\u00e0nh Sen Vi\u1ec7t Tour\"},\"image\":{\"@id\":\"https:\/\/senvietonline.com\/#\/schema\/logo\/image\/\"}}]}<\/script>\n<!-- \/ Yoast SEO plugin. -->","yoast_head_json":{"title":"T\u00c2Y S\u01a0N HO\u00c0I C\u1ed4 - Sen Vi\u1ec7t Online","description":"T\u00c2Y S\u01a0N HO\u00c0I C\u1ed4 H\u1ea6M H\u00d4 \u2013 B\u1ea2O T\u00c0NG QUANG TRUNG \u2013 TH\u00c0NH \u0110\u1ed2 B\u00c0N \u2013 CH\u00d9A THI\u00caN H\u01afNG Kh\u1edfi h\u00e0nh h\u00e0ng ng\u00e0y GI\u00c1: 750.000\/KH\u00c1CH 7h30:\u00a0Xe v\u00e0 h\u01b0\u1edbng d\u1eabn vi\u00ean \u0111\u00f3n kh\u00e1ch","robots":{"index":"index","follow":"follow","max-snippet":"max-snippet:-1","max-image-preview":"max-image-preview:large","max-video-preview":"max-video-preview:-1"},"canonical":"https:\/\/senvietonline.com\/en\/tour\/tay-son-hoai-co\/","og_locale":"en_US","og_type":"article","og_title":"T\u00c2Y S\u01a0N HO\u00c0I C\u1ed4 - Sen Vi\u1ec7t Online","og_description":"T\u00c2Y S\u01a0N HO\u00c0I C\u1ed4 H\u1ea6M H\u00d4 \u2013 B\u1ea2O T\u00c0NG QUANG TRUNG \u2013 TH\u00c0NH \u0110\u1ed2 B\u00c0N \u2013 CH\u00d9A THI\u00caN H\u01afNG Kh\u1edfi h\u00e0nh h\u00e0ng ng\u00e0y GI\u00c1: 750.000\/KH\u00c1CH 7h30:\u00a0Xe v\u00e0 h\u01b0\u1edbng d\u1eabn vi\u00ean \u0111\u00f3n kh\u00e1ch","og_url":"https:\/\/senvietonline.com\/en\/tour\/tay-son-hoai-co\/","og_site_name":"Sen Vi\u1ec7t Online","article_modified_time":"2025-09-19T02:44:41+00:00","og_image":[{"width":720,"height":420,"url":"https:\/\/senvietonline.com\/wp-content\/uploads\/2020\/06\/dia-diem-du-lich-tay-son-binh-dinh.jpg","type":"image\/jpeg"}],"twitter_card":"summary_large_image","twitter_misc":{"Est. reading time":"3 minutes"},"schema":{"@context":"https:\/\/schema.org","@graph":[{"@type":"WebPage","@id":"https:\/\/senvietonline.com\/tour\/tay-son-hoai-co\/","url":"https:\/\/senvietonline.com\/tour\/tay-son-hoai-co\/","name":"T\u00c2Y S\u01a0N HO\u00c0I C\u1ed4 - Sen Vi\u1ec7t Online","isPartOf":{"@id":"https:\/\/senvietonline.com\/#website"},"primaryImageOfPage":{"@id":"https:\/\/senvietonline.com\/tour\/tay-son-hoai-co\/#primaryimage"},"image":{"@id":"https:\/\/senvietonline.com\/tour\/tay-son-hoai-co\/#primaryimage"},"thumbnailUrl":"https:\/\/senvietonline.com\/wp-content\/uploads\/2020\/06\/dia-diem-du-lich-tay-son-binh-dinh.jpg","datePublished":"2020-06-29T15:10:18+00:00","dateModified":"2025-09-19T02:44:41+00:00","description":"T\u00c2Y S\u01a0N HO\u00c0I C\u1ed4 H\u1ea6M H\u00d4 \u2013 B\u1ea2O T\u00c0NG QUANG TRUNG \u2013 TH\u00c0NH \u0110\u1ed2 B\u00c0N \u2013 CH\u00d9A THI\u00caN H\u01afNG Kh\u1edfi h\u00e0nh h\u00e0ng ng\u00e0y GI\u00c1: 750.000\/KH\u00c1CH 7h30:\u00a0Xe v\u00e0 h\u01b0\u1edbng d\u1eabn vi\u00ean \u0111\u00f3n kh\u00e1ch","breadcrumb":{"@id":"https:\/\/senvietonline.com\/tour\/tay-son-hoai-co\/#breadcrumb"},"inLanguage":"en-US","potentialAction":[{"@type":"ReadAction","target":["https:\/\/senvietonline.com\/tour\/tay-son-hoai-co\/"]}]},{"@type":"ImageObject","inLanguage":"en-US","@id":"https:\/\/senvietonline.com\/tour\/tay-son-hoai-co\/#primaryimage","url":"https:\/\/senvietonline.com\/wp-content\/uploads\/2020\/06\/dia-diem-du-lich-tay-son-binh-dinh.jpg","contentUrl":"https:\/\/senvietonline.com\/wp-content\/uploads\/2020\/06\/dia-diem-du-lich-tay-son-binh-dinh.jpg","width":720,"height":420},{"@type":"BreadcrumbList","@id":"https:\/\/senvietonline.com\/tour\/tay-son-hoai-co\/#breadcrumb","itemListElement":[{"@type":"ListItem","position":1,"name":"Trang ch\u1ee7","item":"https:\/\/senvietonline.com\/"},{"@type":"ListItem","position":2,"name":"C\u1eeda h\u00e0ng","item":"https:\/\/senvietonline.com\/mua\/"},{"@type":"ListItem","position":3,"name":"T\u00c2Y S\u01a0N HO\u00c0I C\u1ed4"}]},{"@type":"WebSite","@id":"https:\/\/senvietonline.com\/#website","url":"https:\/\/senvietonline.com\/","name":"Sen Vi\u1ec7t Online","description":"Chuy\u00ean cung c\u1ea5p d\u1ecbch v\u1ee5 du l\u1ecbch trong va ngo\u00e0i n\u01b0\u1edbc uy t\u00edn nh\u1ea5t","publisher":{"@id":"https:\/\/senvietonline.com\/#organization"},"potentialAction":[{"@type":"SearchAction","target":{"@type":"EntryPoint","urlTemplate":"https:\/\/senvietonline.com\/?s={search_term_string}"},"query-input":{"@type":"PropertyValueSpecification","valueRequired":true,"valueName":"search_term_string"}}],"inLanguage":"en-US"},{"@type":"Organization","@id":"https:\/\/senvietonline.com\/#organization","name":"C\u00f4ng Ty TNHH D\u1ecbch V\u1ee5 L\u1eef H\u00e0nh Sen Vi\u1ec7t Tour","url":"https:\/\/senvietonline.com\/","logo":{"@type":"ImageObject","inLanguage":"en-US","@id":"https:\/\/senvietonline.com\/#\/schema\/logo\/image\/","url":"https:\/\/senvietonline.com\/wp-content\/uploads\/2020\/06\/logo.png","contentUrl":"https:\/\/senvietonline.com\/wp-content\/uploads\/2020\/06\/logo.png","width":120,"height":120,"caption":"C\u00f4ng Ty TNHH D\u1ecbch V\u1ee5 L\u1eef H\u00e0nh Sen Vi\u1ec7t Tour"},"image":{"@id":"https:\/\/senvietonline.com\/#\/schema\/logo\/image\/"}}]}},"_links":{"self":[{"href":"https:\/\/senvietonline.com\/en\/wp-json\/wp\/v2\/product\/1148"}],"collection":[{"href":"https:\/\/senvietonline.com\/en\/wp-json\/wp\/v2\/product"}],"about":[{"href":"https:\/\/senvietonline.com\/en\/wp-json\/wp\/v2\/types\/product"}],"replies":[{"embeddable":true,"href":"https:\/\/senvietonline.com\/en\/wp-json\/wp\/v2\/comments?post=1148"}],"wp:featuredmedia":[{"embeddable":true,"href":"https:\/\/senvietonline.com\/en\/wp-json\/wp\/v2\/media\/1150"}],"wp:attachment":[{"href":"https:\/\/senvietonline.com\/en\/wp-json\/wp\/v2\/media?parent=1148"}],"curies":[{"name":"wp","href":"https:\/\/api.w.org\/{rel}","templated":true}]}}